{"id":296,"date":"2024-11-08T13:36:52","date_gmt":"2024-11-08T13:36:52","guid":{"rendered":"https:\/\/dogathome.com.ar\/web\/?page_id=296"},"modified":"2025-10-13T09:16:47","modified_gmt":"2025-10-13T12:16:47","slug":"blog","status":"publish","type":"page","link":"https:\/\/dogathome.com.ar\/web\/blog\/","title":{"rendered":"Blog"},"content":{"rendered":"\t\t<div data-elementor-type=\"wp-page\" data-elementor-id=\"296\" class=\"elementor elementor-296\" data-elementor-post-type=\"page\">\n\t\t\t\t<div class=\"elementor-element elementor-element-808e81e e-flex e-con-boxed e-con e-parent\" data-id=\"808e81e\" data-element_type=\"container\" data-e-type=\"container\" data-settings=\"{&quot;background_background&quot;:&quot;classic&quot;}\">\n\t\t\t\t\t<div class=\"e-con-inner\">\n\t\t\t\t<div class=\"elementor-element elementor-element-c6f9278 elementor-widget elementor-widget-heading\" data-id=\"c6f9278\" data-element_type=\"widget\" data-e-type=\"widget\" data-widget_type=\"heading.default\">\n\t\t\t\t<div class=\"elementor-widget-container\">\n\t\t\t\t\t<h2 class=\"elementor-heading-title elementor-size-default\">Consejos, experiencias y recomendaciones para el cuidado de tu mascota<\/h2>\t\t\t\t<\/div>\n\t\t\t\t<\/div>\n\t\t\t\t<div class=\"elementor-element elementor-element-56669f5 elementor-widget elementor-widget-text-editor\" data-id=\"56669f5\" data-element_type=\"widget\" data-e-type=\"widget\" data-widget_type=\"text-editor.default\">\n\t\t\t\t<div class=\"elementor-widget-container\">\n\t\t\t\t\t\t\t\t\t<p>Mientras est\u00e1s lejos, descubr\u00ed los mejores alojamientos, tips de expertos y todo lo que necesit\u00e1s para que tu amigo peludo se sienta como en casa.<\/p>\t\t\t\t\t\t\t\t<\/div>\n\t\t\t\t<\/div>\n\t\t\t\t\t<\/div>\n\t\t\t\t<\/div>\n\t\t<div class=\"elementor-element elementor-element-4212471 e-flex e-con-boxed e-con e-parent\" data-id=\"4212471\" data-element_type=\"container\" data-e-type=\"container\" data-settings=\"{&quot;background_background&quot;:&quot;classic&quot;}\">\n\t\t\t\t\t<div class=\"e-con-inner\">\n\t\t\t\t<div class=\"elementor-element elementor-element-d4c05c6 elementor-posts--align-left elementor-grid-3 elementor-grid-tablet-2 elementor-grid-mobile-1 elementor-posts--thumbnail-top elementor-card-shadow-yes elementor-posts__hover-gradient elementor-widget elementor-widget-posts\" data-id=\"d4c05c6\" data-element_type=\"widget\" data-e-type=\"widget\" data-settings=\"{&quot;cards_columns&quot;:&quot;3&quot;,&quot;cards_columns_tablet&quot;:&quot;2&quot;,&quot;cards_columns_mobile&quot;:&quot;1&quot;,&quot;cards_row_gap&quot;:{&quot;unit&quot;:&quot;px&quot;,&quot;size&quot;:35,&quot;sizes&quot;:[]},&quot;cards_row_gap_tablet&quot;:{&quot;unit&quot;:&quot;px&quot;,&quot;size&quot;:&quot;&quot;,&quot;sizes&quot;:[]},&quot;cards_row_gap_mobile&quot;:{&quot;unit&quot;:&quot;px&quot;,&quot;size&quot;:&quot;&quot;,&quot;sizes&quot;:[]}}\" data-widget_type=\"posts.cards\">\n\t\t\t\t<div class=\"elementor-widget-container\">\n\t\t\t\t\t\t\t<div class=\"elementor-posts-container elementor-posts elementor-posts--skin-cards elementor-grid\" role=\"list\">\n\t\t\t\t<article class=\"elementor-post elementor-grid-item post-683 post type-post status-publish format-standard has-post-thumbnail hentry category-blog\" role=\"listitem\">\n\t\t\t<div class=\"elementor-post__card\">\n\t\t\t\t<a class=\"elementor-post__thumbnail__link\" href=\"https:\/\/dogathome.com.ar\/web\/garantia-veterinaria-2\/\" tabindex=\"-1\" ><div class=\"elementor-post__thumbnail\"><img fetchpriority=\"high\" decoding=\"async\" width=\"300\" height=\"200\" src=\"https:\/\/dogathome.com.ar\/web\/wp-content\/uploads\/2025\/04\/ChatGPT-Image-9-oct-2025-07_12_28-p.m-300x200.png\" class=\"attachment-medium size-medium wp-image-908\" alt=\"\" srcset=\"https:\/\/dogathome.com.ar\/web\/wp-content\/uploads\/2025\/04\/ChatGPT-Image-9-oct-2025-07_12_28-p.m-300x200.png 300w, https:\/\/dogathome.com.ar\/web\/wp-content\/uploads\/2025\/04\/ChatGPT-Image-9-oct-2025-07_12_28-p.m-1024x683.png 1024w, https:\/\/dogathome.com.ar\/web\/wp-content\/uploads\/2025\/04\/ChatGPT-Image-9-oct-2025-07_12_28-p.m-768x512.png 768w, https:\/\/dogathome.com.ar\/web\/wp-content\/uploads\/2025\/04\/ChatGPT-Image-9-oct-2025-07_12_28-p.m.png 1536w\" sizes=\"(max-width: 300px) 100vw, 300px\" \/><\/div><\/a>\n\t\t\t\t<div class=\"elementor-post__badge\">Blog<\/div>\n\t\t\t\t<div class=\"elementor-post__text\">\n\t\t\t\t<h3 class=\"elementor-post__title\">\n\t\t\t<a href=\"https:\/\/dogathome.com.ar\/web\/garantia-veterinaria-2\/\" >\n\t\t\t\tTips para hospedar varias mascotas al mismo tiempo\t\t\t<\/a>\n\t\t<\/h3>\n\t\t\t\t<div class=\"elementor-post__excerpt\">\n\t\t\t<p>Lleva un organizador que puedes colocar f\u00e1cilmente en tu heladera donde tengas presente los horarios de comida de cada mascota,<\/p>\n\t\t<\/div>\n\t\t\n\t\t<a class=\"elementor-post__read-more\" href=\"https:\/\/dogathome.com.ar\/web\/garantia-veterinaria-2\/\" aria-label=\"Read more about Tips para hospedar varias mascotas al mismo tiempo\" tabindex=\"-1\" >\n\t\t\tLeer m\u00e1s \u00bb\t\t<\/a>\n\n\t\t\t\t<\/div>\n\t\t\t\t<div class=\"elementor-post__meta-data\">\n\t\t\t\t\t<span class=\"elementor-post-date\">\n\t\t\tabril 21, 2025\t\t<\/span>\n\t\t\t\t<span class=\"elementor-post-avatar\">\n\t\t\tNo hay comentarios\t\t<\/span>\n\t\t\t\t<\/div>\n\t\t\t\t\t<\/div>\n\t\t<\/article>\n\t\t\t\t<article class=\"elementor-post elementor-grid-item post-679 post type-post status-publish format-standard has-post-thumbnail hentry category-blog\" role=\"listitem\">\n\t\t\t<div class=\"elementor-post__card\">\n\t\t\t\t<a class=\"elementor-post__thumbnail__link\" href=\"https:\/\/dogathome.com.ar\/web\/garantia-veterinaria\/\" tabindex=\"-1\" ><div class=\"elementor-post__thumbnail\"><img decoding=\"async\" width=\"200\" height=\"300\" src=\"https:\/\/dogathome.com.ar\/web\/wp-content\/uploads\/2025\/04\/ChatGPT-Image-9-oct-2025-07_43_16-p.m-200x300.png\" class=\"attachment-medium size-medium wp-image-916\" alt=\"\" srcset=\"https:\/\/dogathome.com.ar\/web\/wp-content\/uploads\/2025\/04\/ChatGPT-Image-9-oct-2025-07_43_16-p.m-200x300.png 200w, https:\/\/dogathome.com.ar\/web\/wp-content\/uploads\/2025\/04\/ChatGPT-Image-9-oct-2025-07_43_16-p.m-683x1024.png 683w, https:\/\/dogathome.com.ar\/web\/wp-content\/uploads\/2025\/04\/ChatGPT-Image-9-oct-2025-07_43_16-p.m-768x1152.png 768w, https:\/\/dogathome.com.ar\/web\/wp-content\/uploads\/2025\/04\/ChatGPT-Image-9-oct-2025-07_43_16-p.m.png 1024w\" sizes=\"(max-width: 200px) 100vw, 200px\" \/><\/div><\/a>\n\t\t\t\t<div class=\"elementor-post__badge\">Blog<\/div>\n\t\t\t\t<div class=\"elementor-post__text\">\n\t\t\t\t<h3 class=\"elementor-post__title\">\n\t\t\t<a href=\"https:\/\/dogathome.com.ar\/web\/garantia-veterinaria\/\" >\n\t\t\t\tGarant\u00eda Veterinaria\t\t\t<\/a>\n\t\t<\/h3>\n\t\t\t\t<div class=\"elementor-post__excerpt\">\n\t\t\t<p>\u00a0 Sabias que en Dog at Home ofrecemos garant\u00eda veterinaria, \u00bfC\u00f3mo funciona? Si tu mascota necesita atenci\u00f3n veterinaria durante su<\/p>\n\t\t<\/div>\n\t\t\n\t\t<a class=\"elementor-post__read-more\" href=\"https:\/\/dogathome.com.ar\/web\/garantia-veterinaria\/\" aria-label=\"Read more about Garant\u00eda Veterinaria\" tabindex=\"-1\" >\n\t\t\tLeer m\u00e1s \u00bb\t\t<\/a>\n\n\t\t\t\t<\/div>\n\t\t\t\t<div class=\"elementor-post__meta-data\">\n\t\t\t\t\t<span class=\"elementor-post-date\">\n\t\t\tabril 21, 2025\t\t<\/span>\n\t\t\t\t<span class=\"elementor-post-avatar\">\n\t\t\tNo hay comentarios\t\t<\/span>\n\t\t\t\t<\/div>\n\t\t\t\t\t<\/div>\n\t\t<\/article>\n\t\t\t\t<article class=\"elementor-post elementor-grid-item post-675 post type-post status-publish format-standard has-post-thumbnail hentry category-blog\" role=\"listitem\">\n\t\t\t<div class=\"elementor-post__card\">\n\t\t\t\t<a class=\"elementor-post__thumbnail__link\" href=\"https:\/\/dogathome.com.ar\/web\/tips-para-cuidar-a-tus-mascotas-en-verano\/\" tabindex=\"-1\" ><div class=\"elementor-post__thumbnail\"><img decoding=\"async\" width=\"300\" height=\"200\" src=\"https:\/\/dogathome.com.ar\/web\/wp-content\/uploads\/2025\/04\/ChatGPT-Image-9-oct-2025-07_24_53-p.m-300x200.png\" class=\"attachment-medium size-medium wp-image-912\" alt=\"\" srcset=\"https:\/\/dogathome.com.ar\/web\/wp-content\/uploads\/2025\/04\/ChatGPT-Image-9-oct-2025-07_24_53-p.m-300x200.png 300w, https:\/\/dogathome.com.ar\/web\/wp-content\/uploads\/2025\/04\/ChatGPT-Image-9-oct-2025-07_24_53-p.m-1024x683.png 1024w, https:\/\/dogathome.com.ar\/web\/wp-content\/uploads\/2025\/04\/ChatGPT-Image-9-oct-2025-07_24_53-p.m-768x512.png 768w, https:\/\/dogathome.com.ar\/web\/wp-content\/uploads\/2025\/04\/ChatGPT-Image-9-oct-2025-07_24_53-p.m.png 1536w\" sizes=\"(max-width: 300px) 100vw, 300px\" \/><\/div><\/a>\n\t\t\t\t<div class=\"elementor-post__badge\">Blog<\/div>\n\t\t\t\t<div class=\"elementor-post__text\">\n\t\t\t\t<h3 class=\"elementor-post__title\">\n\t\t\t<a href=\"https:\/\/dogathome.com.ar\/web\/tips-para-cuidar-a-tus-mascotas-en-verano\/\" >\n\t\t\t\tTips para cuidar a tus mascotas en Verano\t\t\t<\/a>\n\t\t<\/h3>\n\t\t\t\t<div class=\"elementor-post__excerpt\">\n\t\t\t<p>Cambia su recipiente de agua con frecuencia para que las mascotas est\u00e9n siempre hidratadas y con agua fresca.Prot\u00e9gelo del sol,<\/p>\n\t\t<\/div>\n\t\t\n\t\t<a class=\"elementor-post__read-more\" href=\"https:\/\/dogathome.com.ar\/web\/tips-para-cuidar-a-tus-mascotas-en-verano\/\" aria-label=\"Read more about Tips para cuidar a tus mascotas en Verano\" tabindex=\"-1\" >\n\t\t\tLeer m\u00e1s \u00bb\t\t<\/a>\n\n\t\t\t\t<\/div>\n\t\t\t\t<div class=\"elementor-post__meta-data\">\n\t\t\t\t\t<span class=\"elementor-post-date\">\n\t\t\tabril 21, 2025\t\t<\/span>\n\t\t\t\t<span class=\"elementor-post-avatar\">\n\t\t\tNo hay comentarios\t\t<\/span>\n\t\t\t\t<\/div>\n\t\t\t\t\t<\/div>\n\t\t<\/article>\n\t\t\t\t<article class=\"elementor-post elementor-grid-item post-436 post type-post status-publish format-standard has-post-thumbnail hentry category-blog\" role=\"listitem\">\n\t\t\t<div class=\"elementor-post__card\">\n\t\t\t\t<a class=\"elementor-post__thumbnail__link\" href=\"https:\/\/dogathome.com.ar\/web\/integracion\/\" tabindex=\"-1\" ><div class=\"elementor-post__thumbnail\"><img loading=\"lazy\" decoding=\"async\" width=\"300\" height=\"200\" src=\"https:\/\/dogathome.com.ar\/web\/wp-content\/uploads\/2024\/10\/home-300x200.jpg\" class=\"attachment-medium size-medium wp-image-11\" alt=\"\" srcset=\"https:\/\/dogathome.com.ar\/web\/wp-content\/uploads\/2024\/10\/home-300x200.jpg 300w, https:\/\/dogathome.com.ar\/web\/wp-content\/uploads\/2024\/10\/home-1024x683.jpg 1024w, https:\/\/dogathome.com.ar\/web\/wp-content\/uploads\/2024\/10\/home-768x512.jpg 768w, https:\/\/dogathome.com.ar\/web\/wp-content\/uploads\/2024\/10\/home-1536x1024.jpg 1536w, https:\/\/dogathome.com.ar\/web\/wp-content\/uploads\/2024\/10\/home-2048x1366.jpg 2048w\" sizes=\"(max-width: 300px) 100vw, 300px\" \/><\/div><\/a>\n\t\t\t\t<div class=\"elementor-post__badge\">Blog<\/div>\n\t\t\t\t<div class=\"elementor-post__text\">\n\t\t\t\t<h3 class=\"elementor-post__title\">\n\t\t\t<a href=\"https:\/\/dogathome.com.ar\/web\/integracion\/\" >\n\t\t\t\tConsejos para integrar varias mascotas\t\t\t<\/a>\n\t\t<\/h3>\n\t\t\t\t<div class=\"elementor-post__excerpt\">\n\t\t\t<p>Consejos para integrar varias mascotas Como hacer una integraci\u00f3n entre mascotasDeja que se conozcan y se huelan, al principio no<\/p>\n\t\t<\/div>\n\t\t\n\t\t<a class=\"elementor-post__read-more\" href=\"https:\/\/dogathome.com.ar\/web\/integracion\/\" aria-label=\"Read more about Consejos para integrar varias mascotas\" tabindex=\"-1\" >\n\t\t\tLeer m\u00e1s \u00bb\t\t<\/a>\n\n\t\t\t\t<\/div>\n\t\t\t\t<div class=\"elementor-post__meta-data\">\n\t\t\t\t\t<span class=\"elementor-post-date\">\n\t\t\tnoviembre 15, 2024\t\t<\/span>\n\t\t\t\t<span class=\"elementor-post-avatar\">\n\t\t\tNo hay comentarios\t\t<\/span>\n\t\t\t\t<\/div>\n\t\t\t\t\t<\/div>\n\t\t<\/article>\n\t\t\t\t<article class=\"elementor-post elementor-grid-item post-324 post type-post status-publish format-standard has-post-thumbnail hentry category-blog\" role=\"listitem\">\n\t\t\t<div class=\"elementor-post__card\">\n\t\t\t\t<a class=\"elementor-post__thumbnail__link\" href=\"https:\/\/dogathome.com.ar\/web\/tips\/\" tabindex=\"-1\" ><div class=\"elementor-post__thumbnail\"><img loading=\"lazy\" decoding=\"async\" width=\"300\" height=\"200\" src=\"https:\/\/dogathome.com.ar\/web\/wp-content\/uploads\/2024\/11\/ChatGPT-Image-9-oct-2025-07_57_57-p.m-300x200.png\" class=\"attachment-medium size-medium wp-image-926\" alt=\"\" srcset=\"https:\/\/dogathome.com.ar\/web\/wp-content\/uploads\/2024\/11\/ChatGPT-Image-9-oct-2025-07_57_57-p.m-300x200.png 300w, https:\/\/dogathome.com.ar\/web\/wp-content\/uploads\/2024\/11\/ChatGPT-Image-9-oct-2025-07_57_57-p.m-1024x683.png 1024w, https:\/\/dogathome.com.ar\/web\/wp-content\/uploads\/2024\/11\/ChatGPT-Image-9-oct-2025-07_57_57-p.m-768x512.png 768w, https:\/\/dogathome.com.ar\/web\/wp-content\/uploads\/2024\/11\/ChatGPT-Image-9-oct-2025-07_57_57-p.m.png 1536w\" sizes=\"(max-width: 300px) 100vw, 300px\" \/><\/div><\/a>\n\t\t\t\t<div class=\"elementor-post__badge\">Blog<\/div>\n\t\t\t\t<div class=\"elementor-post__text\">\n\t\t\t\t<h3 class=\"elementor-post__title\">\n\t\t\t<a href=\"https:\/\/dogathome.com.ar\/web\/tips\/\" >\n\t\t\t\tEncuentro Previo\t\t\t<\/a>\n\t\t<\/h3>\n\t\t\t\t<div class=\"elementor-post__excerpt\">\n\t\t\t<p>Encuentro Previo Volver Antes de asistir a tu reserva te proponemos que realices un encuentro previo, para que tu mascota<\/p>\n\t\t<\/div>\n\t\t\n\t\t<a class=\"elementor-post__read-more\" href=\"https:\/\/dogathome.com.ar\/web\/tips\/\" aria-label=\"Read more about Encuentro Previo\" tabindex=\"-1\" >\n\t\t\tLeer m\u00e1s \u00bb\t\t<\/a>\n\n\t\t\t\t<\/div>\n\t\t\t\t<div class=\"elementor-post__meta-data\">\n\t\t\t\t\t<span class=\"elementor-post-date\">\n\t\t\tnoviembre 8, 2024\t\t<\/span>\n\t\t\t\t<span class=\"elementor-post-avatar\">\n\t\t\tNo hay comentarios\t\t<\/span>\n\t\t\t\t<\/div>\n\t\t\t\t\t<\/div>\n\t\t<\/article>\n\t\t\t\t<\/div>\n\t\t\n\t\t\t\t\t\t<\/div>\n\t\t\t\t<\/div>\n\t\t\t\t\t<\/div>\n\t\t\t\t<\/div>\n\t\t<div class=\"elementor-element elementor-element-b85a331 elementor-hidden-desktop elementor-hidden-tablet e-flex e-con-boxed e-con e-parent\" data-id=\"b85a331\" data-element_type=\"container\" data-e-type=\"container\" data-settings=\"{&quot;background_background&quot;:&quot;classic&quot;}\">\n\t\t\t\t\t<div class=\"e-con-inner\">\n\t\t\t\t<div class=\"elementor-element elementor-element-67b72fb elementor-widget elementor-widget-text-editor\" data-id=\"67b72fb\" data-element_type=\"widget\" data-e-type=\"widget\" data-settings=\"{&quot;_animation_mobile&quot;:&quot;slideInDown&quot;}\" data-widget_type=\"text-editor.default\">\n\t\t\t\t<div class=\"elementor-widget-container\">\n\t\t\t\t\t\t\t\t\t<p>Baja la aplicaci\u00f3n y forma parte de la comunidad de <br \/><strong>Dog At Home<\/strong>.<br \/>Ofrecele seguridad a tu mascota<\/p>\t\t\t\t\t\t\t\t<\/div>\n\t\t\t\t<\/div>\n\t\t\t\t<div class=\"elementor-element elementor-element-3071d3d elementor-widget elementor-widget-heading\" data-id=\"3071d3d\" data-element_type=\"widget\" data-e-type=\"widget\" data-settings=\"{&quot;_animation_mobile&quot;:&quot;slideInDown&quot;}\" data-widget_type=\"heading.default\">\n\t\t\t\t<div class=\"elementor-widget-container\">\n\t\t\t\t\t<h2 class=\"elementor-heading-title elementor-size-default\">\u00a1Consegu\u00ed la app!<\/h2>\t\t\t\t<\/div>\n\t\t\t\t<\/div>\n\t\t\t\t<div class=\"elementor-element elementor-element-014ef5d elementor-widget elementor-widget-image\" data-id=\"014ef5d\" data-element_type=\"widget\" data-e-type=\"widget\" data-widget_type=\"image.default\">\n\t\t\t\t<div class=\"elementor-widget-container\">\n\t\t\t\t\t\t\t\t\t\t\t\t\t\t\t\t<a href=\"https:\/\/dogathome.com.ar\/home\/explore\">\n\t\t\t\t\t\t\t<img loading=\"lazy\" decoding=\"async\" width=\"114\" height=\"34\" src=\"https:\/\/dogathome.com.ar\/web\/wp-content\/uploads\/2024\/11\/disponible-en-google-play-badge-2.png\" class=\"attachment-large size-large wp-image-248\" alt=\"\" \/>\t\t\t\t\t\t\t\t<\/a>\n\t\t\t\t\t\t\t\t\t\t\t\t\t\t\t<\/div>\n\t\t\t\t<\/div>\n\t\t\t\t\t<\/div>\n\t\t\t\t<\/div>\n\t\t<div class=\"elementor-element elementor-element-ebf0e86 e-con-full elementor-hidden-mobile e-flex e-con e-parent\" data-id=\"ebf0e86\" data-element_type=\"container\" data-e-type=\"container\" data-settings=\"{&quot;background_background&quot;:&quot;classic&quot;}\">\n\t\t<div class=\"elementor-element elementor-element-33f01a2 e-con-full e-flex e-con e-child\" data-id=\"33f01a2\" data-element_type=\"container\" data-e-type=\"container\">\n\t\t\t\t<div class=\"elementor-element elementor-element-7ab6df4 animated-slow elementor-invisible elementor-widget elementor-widget-text-editor\" data-id=\"7ab6df4\" data-element_type=\"widget\" data-e-type=\"widget\" data-settings=\"{&quot;_animation&quot;:&quot;fadeInDown&quot;}\" data-widget_type=\"text-editor.default\">\n\t\t\t\t<div class=\"elementor-widget-container\">\n\t\t\t\t\t\t\t\t\t<p>Baja la aplicaci\u00f3n<br \/>y form\u00e1 parte de la comunidad de<\/p>\t\t\t\t\t\t\t\t<\/div>\n\t\t\t\t<\/div>\n\t\t\t\t<div class=\"elementor-element elementor-element-122b04b animated-slow elementor-invisible elementor-widget elementor-widget-text-editor\" data-id=\"122b04b\" data-element_type=\"widget\" data-e-type=\"widget\" data-settings=\"{&quot;_animation&quot;:&quot;fadeInDown&quot;}\" data-widget_type=\"text-editor.default\">\n\t\t\t\t<div class=\"elementor-widget-container\">\n\t\t\t\t\t\t\t\t\t<span>Dog At Home.<\/span>\n<p style=\"font-size: 16px;\">Ofrecele seguridad a tu mascota<\/p>\t\t\t\t\t\t\t\t<\/div>\n\t\t\t\t<\/div>\n\t\t\t\t<\/div>\n\t\t<div class=\"elementor-element elementor-element-f75d053 e-con-full e-flex e-con e-child\" data-id=\"f75d053\" data-element_type=\"container\" data-e-type=\"container\">\n\t\t\t\t<div class=\"elementor-element elementor-element-33135fa animated-slow elementor-invisible elementor-widget elementor-widget-heading\" data-id=\"33135fa\" data-element_type=\"widget\" data-e-type=\"widget\" data-settings=\"{&quot;_animation&quot;:&quot;fadeInDown&quot;}\" data-widget_type=\"heading.default\">\n\t\t\t\t<div class=\"elementor-widget-container\">\n\t\t\t\t\t<h6 class=\"elementor-heading-title elementor-size-default\">\u00a1Consegu\u00ed la app!<\/h6>\t\t\t\t<\/div>\n\t\t\t\t<\/div>\n\t\t<div class=\"elementor-element elementor-element-62317b4 e-con-full animated-slow e-flex elementor-invisible e-con e-child\" data-id=\"62317b4\" data-element_type=\"container\" data-e-type=\"container\" data-settings=\"{&quot;animation&quot;:&quot;fadeInDown&quot;}\">\n\t\t\t\t<div class=\"elementor-element elementor-element-4d6d963 elementor-widget elementor-widget-image\" data-id=\"4d6d963\" data-element_type=\"widget\" data-e-type=\"widget\" data-widget_type=\"image.default\">\n\t\t\t\t<div class=\"elementor-widget-container\">\n\t\t\t\t\t\t\t\t\t\t\t\t\t\t\t\t<a href=\"https:\/\/dogathome.com.ar\/home\/explore\" target=\"_blank\">\n\t\t\t\t\t\t\t<img loading=\"lazy\" decoding=\"async\" width=\"114\" height=\"34\" src=\"https:\/\/dogathome.com.ar\/web\/wp-content\/uploads\/2024\/11\/disponible-en-google-play-badge-2.png\" class=\"attachment-large size-large wp-image-248\" alt=\"\" \/>\t\t\t\t\t\t\t\t<\/a>\n\t\t\t\t\t\t\t\t\t\t\t\t\t\t\t<\/div>\n\t\t\t\t<\/div>\n\t\t\t\t<\/div>\n\t\t\t\t<\/div>\n\t\t\t\t<\/div>\n\t\t<div class=\"elementor-element elementor-element-5d4eca7 e-flex e-con-boxed e-con e-parent\" data-id=\"5d4eca7\" data-element_type=\"container\" data-e-type=\"container\" data-settings=\"{&quot;background_background&quot;:&quot;classic&quot;}\">\n\t\t\t\t\t<div class=\"e-con-inner\">\n\t\t\t\t\t<\/div>\n\t\t\t\t<\/div>\n\t\t<div class=\"elementor-element elementor-element-1090076 e-flex e-con-boxed e-con e-parent\" data-id=\"1090076\" data-element_type=\"container\" data-e-type=\"container\" data-settings=\"{&quot;background_background&quot;:&quot;classic&quot;}\">\n\t\t\t\t\t<div class=\"e-con-inner\">\n\t\t\t\t\t<\/div>\n\t\t\t\t<\/div>\n\t\t<div class=\"elementor-element elementor-element-0e6f161 e-con-full e-flex e-con e-parent\" data-id=\"0e6f161\" data-element_type=\"container\" data-e-type=\"container\" data-settings=\"{&quot;background_background&quot;:&quot;classic&quot;}\">\n\t\t\t\t<div class=\"elementor-element elementor-element-406addc animated-slow elementor-invisible elementor-widget elementor-widget-image\" data-id=\"406addc\" data-element_type=\"widget\" data-e-type=\"widget\" data-settings=\"{&quot;_animation&quot;:&quot;zoomIn&quot;}\" data-widget_type=\"image.default\">\n\t\t\t\t<div class=\"elementor-widget-container\">\n\t\t\t\t\t\t\t\t\t\t\t\t\t\t\t<img loading=\"lazy\" decoding=\"async\" width=\"127\" height=\"41\" src=\"https:\/\/dogathome.com.ar\/web\/wp-content\/uploads\/2024\/10\/8d99f1ca3061d5666c417bb68f2083d9.png\" class=\"attachment-large size-large wp-image-29\" alt=\"\" \/>\t\t\t\t\t\t\t\t\t\t\t\t\t\t\t<\/div>\n\t\t\t\t<\/div>\n\t\t\t\t<\/div>\n\t\t<div class=\"elementor-element elementor-element-43ced52 e-con-full e-flex e-con e-parent\" data-id=\"43ced52\" data-element_type=\"container\" data-e-type=\"container\" data-settings=\"{&quot;background_background&quot;:&quot;classic&quot;}\">\n\t\t\t\t<div class=\"elementor-element elementor-element-578b655 elementor-widget elementor-widget-text-editor\" data-id=\"578b655\" data-element_type=\"widget\" data-e-type=\"widget\" data-widget_type=\"text-editor.default\">\n\t\t\t\t<div class=\"elementor-widget-container\">\n\t\t\t\t\t\t\t\t\t<p>Sitio creado y desarrollado por <a href=\"https:\/\/blissout.com.ar\/\">BlissMKT &#8211; Agencia de Marketing digital y Publicidad<\/a> &#8211; 2025<\/p>\t\t\t\t\t\t\t\t<\/div>\n\t\t\t\t<\/div>\n\t\t\t\t<\/div>\n\t\t\t\t<\/div>\n\t\t","protected":false},"excerpt":{"rendered":"<p>Consejos, experiencias y recomendaciones para el cuidado de tu mascota Mientras est\u00e1s lejos, descubr\u00ed los mejores alojamientos, tips de expertos [&hellip;]<\/p>\n","protected":false},"author":1,"featured_media":0,"parent":0,"menu_order":0,"comment_status":"closed","ping_status":"closed","template":"","meta":{"site-sidebar-layout":"no-sidebar","site-content-layout":"","ast-site-content-layout":"full-width-container","site-content-style":"default","site-sidebar-style":"default","ast-global-header-display":"","ast-banner-title-visibility":"","ast-main-header-display":"","ast-hfb-above-header-display":"","ast-hfb-below-header-display":"","ast-hfb-mobile-header-display":"","site-post-title":"disabled","ast-breadcrumbs-content":"","ast-featured-img":"disabled","footer-sml-layout":"","ast-disable-related-posts":"","theme-transparent-header-meta":"","adv-header-id-meta":"","stick-header-meta":"","header-above-stick-meta":"","header-main-stick-meta":"","header-below-stick-meta":"","astra-migrate-meta-layouts":"default","ast-page-background-enabled":"default","ast-page-background-meta":{"desktop":{"background-color":"var(--ast-global-color-4)","background-image":"","background-repeat":"repeat","background-position":"center center","background-size":"auto","background-attachment":"scroll","background-type":"","background-media":"","overlay-type":"","overlay-color":"","overlay-opacity":"","overlay-gradient":""},"tablet":{"background-color":"","background-image":"","background-repeat":"repeat","background-position":"center center","background-size":"auto","background-attachment":"scroll","background-type":"","background-media":"","overlay-type":"","overlay-color":"","overlay-opacity":"","overlay-gradient":""},"mobile":{"background-color":"","background-image":"","background-repeat":"repeat","background-position":"center center","background-size":"auto","background-attachment":"scroll","background-type":"","background-media":"","overlay-type":"","overlay-color":"","overlay-opacity":"","overlay-gradient":""}},"ast-content-background-meta":{"desktop":{"background-color":"var(--ast-global-color-5)","background-image":"","background-repeat":"repeat","background-position":"center center","background-size":"auto","background-attachment":"scroll","background-type":"","background-media":"","overlay-type":"","overlay-color":"","overlay-opacity":"","overlay-gradient":""},"tablet":{"background-color":"var(--ast-global-color-5)","background-image":"","background-repeat":"repeat","background-position":"center center","background-size":"auto","background-attachment":"scroll","background-type":"","background-media":"","overlay-type":"","overlay-color":"","overlay-opacity":"","overlay-gradient":""},"mobile":{"background-color":"var(--ast-global-color-5)","background-image":"","background-repeat":"repeat","background-position":"center center","background-size":"auto","background-attachment":"scroll","background-type":"","background-media":"","overlay-type":"","overlay-color":"","overlay-opacity":"","overlay-gradient":""}},"footnotes":""},"class_list":["post-296","page","type-page","status-publish","hentry"],"_links":{"self":[{"href":"https:\/\/dogathome.com.ar\/web\/wp-json\/wp\/v2\/pages\/296","targetHints":{"allow":["GET"]}}],"collection":[{"href":"https:\/\/dogathome.com.ar\/web\/wp-json\/wp\/v2\/pages"}],"about":[{"href":"https:\/\/dogathome.com.ar\/web\/wp-json\/wp\/v2\/types\/page"}],"author":[{"embeddable":true,"href":"https:\/\/dogathome.com.ar\/web\/wp-json\/wp\/v2\/users\/1"}],"replies":[{"embeddable":true,"href":"https:\/\/dogathome.com.ar\/web\/wp-json\/wp\/v2\/comments?post=296"}],"version-history":[{"count":64,"href":"https:\/\/dogathome.com.ar\/web\/wp-json\/wp\/v2\/pages\/296\/revisions"}],"predecessor-version":[{"id":953,"href":"https:\/\/dogathome.com.ar\/web\/wp-json\/wp\/v2\/pages\/296\/revisions\/953"}],"wp:attachment":[{"href":"https:\/\/dogathome.com.ar\/web\/wp-json\/wp\/v2\/media?parent=296"}],"curies":[{"name":"wp","href":"https:\/\/api.w.org\/{rel}","templated":true}]}}